{"id":271,"date":"2018-11-27T09:16:54","date_gmt":"2018-11-27T09:16:54","guid":{"rendered":"http:\/\/lesherissons.com\/?page_id=271"},"modified":"2023-10-09T15:38:04","modified_gmt":"2023-10-09T13:38:04","slug":"home","status":"publish","type":"page","link":"https:\/\/lesherissons.com\/","title":{"rendered":"home"},"content":{"rendered":"\n\n\t<h1>\n\t\t\t\t\tBienvenue \n\t\t\t\t<\/h1>\n\t<h1>\n\t\t\t\t\tChez les H\u00e9rissons\n\t\t\t\t<\/h1>\n\t\t\t<a href=\"http:\/\/lesherissons.com\/?page_id=438(ouvre un nouvel onglet)\" target=\"_self\" rel=\"noopener\">\n\t\t\t\t\t\t\tNous contacter\n\t\t\t\t\t<\/a>\n\t\t\t\t<img decoding=\"async\" src=\"http:\/\/lesherissons.com\/wp-content\/uploads\/2023\/09\/Club-de-hockey.png\" alt=\"Club de hockey\" itemprop=\"image\"\/>\n\t\t\t<a href=\"https:\/\/www.facebook.com\/profile.php?id=100086031547940\" target=\"_blank\" rel=\"noopener\">\n\t\t\t\t\t\t\tPhoto et derni\u00e8res infos\n\t\t\t\t\t<\/a>\n\t\t\t\t<img decoding=\"async\" src=\"http:\/\/lesherissons.com\/wp-content\/uploads\/2023\/09\/Facebook_New_Logo_2015.svg.png\" alt=\"Facebook_New_Logo_(2015).svg\" itemprop=\"image\"\/>\n\t\t\t<a href=\"http:\/\/lesherissons.com\/?page_id=489(ouvre un nouvel onglet)\" target=\"_self\" rel=\"noopener\">\n\t\t\t\t\t\t\tNous rejoindre\n\t\t\t\t\t<\/a>\n\t\t\t\t<img decoding=\"async\" src=\"http:\/\/lesherissons.com\/wp-content\/uploads\/2023\/09\/e.png\" alt=\"e\" itemprop=\"image\"\/>\n\t\t\t<a href=\"http:\/\/lesherissons.com\/?page_id=498(ouvre un nouvel onglet)\" target=\"_self\" rel=\"noopener\">\n\t\t\t\t\t\t\tHoraire d&rsquo;entra\u00eenement\n\t\t\t\t\t<\/a>\n\t\t\t\t<img decoding=\"async\" src=\"http:\/\/lesherissons.com\/wp-content\/uploads\/2023\/09\/adult-confirmer.png\" alt=\"adult confirmer\" itemprop=\"image\"\/>\n\t\t\n","protected":false},"excerpt":{"rendered":"<p>Bienvenue Chez les H\u00e9rissons Nous contacter Photo et derni\u00e8res infos Nous rejoindre Horaire d&rsquo;entra\u00eenement<\/p>\n","protected":false},"author":1,"featured_media":0,"parent":0,"menu_order":0,"comment_status":"closed","ping_status":"closed","template":"","meta":{"site-sidebar-layout":"no-sidebar","site-content-layout":"page-builder","ast-site-content-layout":"full-width-container","site-content-style":"unboxed","site-sidebar-style":"unboxed","ast-global-header-display":"","ast-banner-title-visibility":"","ast-main-header-display":"","ast-hfb-above-header-display":"","ast-hfb-below-header-display":"","ast-hfb-mobile-header-display":"","site-post-title":"disabled","ast-breadcrumbs-content":"","ast-featured-img":"disabled","footer-sml-layout":"","theme-transparent-header-meta":"enabled","adv-header-id-meta":"","stick-header-meta":"","header-above-stick-meta":"","header-main-stick-meta":"","header-below-stick-meta":"","astra-migrate-meta-layouts":"set","footnotes":""},"class_list":["post-271","page","type-page","status-publish","hentry"],"_links":{"self":[{"href":"https:\/\/lesherissons.com\/index.php?rest_route=\/wp\/v2\/pages\/271","targetHints":{"allow":["GET"]}}],"collection":[{"href":"https:\/\/lesherissons.com\/index.php?rest_route=\/wp\/v2\/pages"}],"about":[{"href":"https:\/\/lesherissons.com\/index.php?rest_route=\/wp\/v2\/types\/page"}],"author":[{"embeddable":true,"href":"https:\/\/lesherissons.com\/index.php?rest_route=\/wp\/v2\/users\/1"}],"replies":[{"embeddable":true,"href":"https:\/\/lesherissons.com\/index.php?rest_route=%2Fwp%2Fv2%2Fcomments&post=271"}],"version-history":[{"count":17,"href":"https:\/\/lesherissons.com\/index.php?rest_route=\/wp\/v2\/pages\/271\/revisions"}],"predecessor-version":[{"id":533,"href":"https:\/\/lesherissons.com\/index.php?rest_route=\/wp\/v2\/pages\/271\/revisions\/533"}],"wp:attachment":[{"href":"https:\/\/lesherissons.com\/index.php?rest_route=%2Fwp%2Fv2%2Fmedia&parent=271"}],"curies":[{"name":"wp","href":"https:\/\/api.w.org\/{rel}","templated":true}]}}